{"id":369,"date":"2020-05-21T20:26:34","date_gmt":"2020-05-21T18:26:34","guid":{"rendered":""},"modified":"2021-01-05T19:11:20","modified_gmt":"2021-01-05T18:11:20","slug":"kontakt","status":"publish","type":"page","link":"https:\/\/stage.themethode.at\/hu\/kontakt\/","title":{"rendered":"Kapcsolat"},"content":{"rendered":"<style>#kt-layout-id_fe5438-1b > .kt-row-column-wrap{z-index:10;position:relative;align-content:center;}:where(#kt-layout-id_fe5438-1b > .kt-row-column-wrap) > .wp-block-kadence-column{justify-content:center;}#kt-layout-id_fe5438-1b > .kt-row-column-wrap{column-gap:var(--global-kb-gap-md, 2rem);row-gap:var(--global-kb-gap-md, 2rem);max-width:687px;margin-left:auto;margin-right:auto;padding-top:25px;padding-bottom:25px;padding-top:76px;padding-bottom:110px;padding-left:25px;padding-right:25px;min-height:575px;grid-template-columns:minmax(0, 1fr);}#kt-layout-id_fe5438-1b{background-image:url('http:\/\/stage.themethode.at\/wp-content\/uploads\/2020\/12\/METHODE-EN.png');background-size:cover;background-position:93% 18%;background-attachment:scroll;background-repeat:no-repeat;}#kt-layout-id_fe5438-1b > .kt-row-layout-overlay{opacity:0.80;background-image:linear-gradient(90deg, var(--global-palette1, #3182CE) 12%, var(--global-palette2, #2B6CB0) 100%);}#kt-layout-id_fe5438-1b .kt-row-layout-bottom-sep{height:100px;}#kt-layout-id_fe5438-1b .kt-row-layout-bottom-sep svg{width:100%;}#kt-layout-id_fe5438-1b .kt-row-layout-bottom-sep svg{fill:var(--global-palette9, #ffffff)!important;}@media all and (max-width: 1024px){#kt-layout-id_fe5438-1b > .kt-row-column-wrap{min-height:575px;grid-template-columns:minmax(0, 1fr);}}@media all and (max-width: 1024px){#kt-layout-id_fe5438-1b .kt-row-layout-bottom-sep{height:px;}}@media all and (max-width: 1024px){#kt-layout-id_fe5438-1b .kt-row-layout-bottom-sep svg{width:%;}}@media all and (max-width: 767px){#kt-layout-id_fe5438-1b > .kt-row-column-wrap{min-height:575px;grid-template-columns:minmax(0, 1fr);}#kt-layout-id_fe5438-1b .kt-row-layout-bottom-sep{height:px;}#kt-layout-id_fe5438-1b .kt-row-layout-bottom-sep svg{width:%;}}<\/style>\n<div class=\"wp-block-kadence-rowlayout alignnone\"><div id=\"kt-layout-id_fe5438-1b\" class=\"kt-row-layout-inner kt-row-has-bg kt-layout-id_fe5438-1b\"><div class=\"kt-row-layout-overlay kt-row-overlay-gradient\"><\/div><div class=\"kt-row-column-wrap kt-has-1-columns kt-gutter-default kt-v-gutter-default kt-row-valign-middle kt-row-layout-equal kt-tab-layout-inherit kt-m-colapse-left-to-right kt-mobile-layout-row\"><style>.kadence-column_c0c8fe-52 > .kt-inside-inner-col{border-top-width:0px;border-right-width:0px;border-bottom-width:0px;border-left-width:0px;}.kadence-column_c0c8fe-52 > .kt-inside-inner-col,.kadence-column_c0c8fe-52 > .kt-inside-inner-col:before{border-top-left-radius:0px;border-top-right-radius:0px;border-bottom-right-radius:0px;border-bottom-left-radius:0px;}.kadence-column_c0c8fe-52 > .kt-inside-inner-col:before{opacity:0.3;}.kadence-column_c0c8fe-52{position:relative;}<\/style>\n<div class=\"wp-block-kadence-column inner-column-1 kadence-column_c0c8fe-52\"><div class=\"kt-inside-inner-col\"><style>.wp-block-kadence-advancedheading.kt-adv-heading_e0bf54-d0, .wp-block-kadence-advancedheading.kt-adv-heading_e0bf54-d0[data-kb-block=\"kb-adv-heading_e0bf54-d0\"]{text-align:center;font-size:60px;font-style:normal;color:#ffffff;text-shadow:1px 1px 1px rgba(0, 0, 0, 0.2);}.wp-block-kadence-advancedheading.kt-adv-heading_e0bf54-d0 mark, .wp-block-kadence-advancedheading.kt-adv-heading_e0bf54-d0[data-kb-block=\"kb-adv-heading_e0bf54-d0\"] mark{font-style:normal;color:#f76a0c;padding-top:0px;padding-right:0px;padding-bottom:0px;padding-left:0px;}<\/style>\n<h1 class=\"kt-adv-heading_e0bf54-d0 wp-block-kadence-advancedheading\" data-kb-block=\"kb-adv-heading_e0bf54-d0\">Kontakt E-Mail<\/h1>\n\n\n<style>.wp-block-kadence-advancedheading.kt-adv-heading_b18853-70, .wp-block-kadence-advancedheading.kt-adv-heading_b18853-70[data-kb-block=\"kb-adv-heading_b18853-70\"]{text-align:center;font-style:normal;}.wp-block-kadence-advancedheading.kt-adv-heading_b18853-70 mark, .wp-block-kadence-advancedheading.kt-adv-heading_b18853-70[data-kb-block=\"kb-adv-heading_b18853-70\"] mark{font-style:normal;color:#f76a0c;padding-top:0px;padding-right:0px;padding-bottom:0px;padding-left:0px;}<\/style>\n<h3 class=\"kt-adv-heading_b18853-70 wp-block-kadence-advancedheading has-theme-palette-8-color\" data-kb-block=\"kb-adv-heading_b18853-70\">Nimm mit uns Kontakt auf &#8230;<br>Besz\u00e9lek magyarul \u00e9s n\u00e9met\u00fcl !<\/h3>\n<\/div><\/div>\n<\/div><div class=\"kt-row-layout-bottom-sep kt-row-sep-type-mtns\"><svg style=\"fill:var(--global-palette9)\" viewbox=\"0 0 1000 100\" preserveaspectratio=\"none\"><path d=\"M1000,50l-182.69,-45.286l-292.031,61.197l-190.875,-41.075l-143.748,28.794l-190.656,-23.63l0,70l1000,0l0,-50Z\" style=\"opacity:0.4\"><\/path><path d=\"M1000,57l-152.781,-22.589l-214.383,19.81l-159.318,-21.471l-177.44,25.875l-192.722,5.627l-103.356,-27.275l0,63.023l1000,0l0,-43Z\"><\/path><\/svg><\/div><\/div><\/div>\n\n\n<style>#kt-layout-id_7068f4-fd{margin-top:-60px;}#kt-layout-id_7068f4-fd > .kt-row-column-wrap{align-content:start;}:where(#kt-layout-id_7068f4-fd > .kt-row-column-wrap) > .wp-block-kadence-column{justify-content:start;}#kt-layout-id_7068f4-fd > .kt-row-column-wrap{column-gap:40px;row-gap:var(--global-kb-gap-md, 2rem);max-width:1177px;margin-left:auto;margin-right:auto;padding-top:25px;padding-bottom:25px;padding-top:60px;padding-bottom:80px;padding-left:25px;padding-right:25px;grid-template-columns:minmax(0, 59.9%) minmax(0, 40.1%);}#kt-layout-id_7068f4-fd > .kt-row-layout-overlay{opacity:0.30;}#kt-layout-id_7068f4-fd .kt-row-layout-bottom-sep{height:100px;}#kt-layout-id_7068f4-fd .kt-row-layout-bottom-sep svg{width:100%;}#kt-layout-id_7068f4-fd .kt-row-layout-bottom-sep svg{fill:#ffffff!important;}@media all and (max-width: 1024px){#kt-layout-id_7068f4-fd > .kt-row-column-wrap{grid-template-columns:repeat(2, minmax(0, 1fr));}}@media all and (max-width: 1024px){#kt-layout-id_7068f4-fd .kt-row-layout-bottom-sep{height:px;}}@media all and (max-width: 1024px){#kt-layout-id_7068f4-fd .kt-row-layout-bottom-sep svg{width:%;}}@media all and (max-width: 767px){#kt-layout-id_7068f4-fd > .kt-row-column-wrap{grid-template-columns:minmax(0, 1fr);}#kt-layout-id_7068f4-fd .kt-row-layout-bottom-sep{height:px;}#kt-layout-id_7068f4-fd .kt-row-layout-bottom-sep svg{width:%;}}<\/style>\n<div class=\"wp-block-kadence-rowlayout alignnone\"><div id=\"kt-layout-id_7068f4-fd\" class=\"kt-row-layout-inner kt-layout-id_7068f4-fd\"><div class=\"kt-row-column-wrap kt-has-2-columns kt-gutter-wide kt-v-gutter-default kt-row-valign-top kt-row-layout-left-golden kt-tab-layout-inherit kt-m-colapse-left-to-right kt-mobile-layout-row  kt-custom-first-width-59.9  kt-custom-second-width-40.1\"><style>.wp-block-kadence-column.kadence-column_326322-1c > .kt-inside-inner-col{margin-top:-100px;}.kadence-column_326322-1c > .kt-inside-inner-col{padding-top:30px;padding-bottom:30px;padding-left:30px;padding-right:30px;}.kadence-column_326322-1c > .kt-inside-inner-col{box-shadow:0px 0px 30px 0px rgba(0, 0, 0, 0.08);border-top-width:0px;border-right-width:0px;border-bottom-width:0px;border-left-width:0px;}.kadence-column_326322-1c > .kt-inside-inner-col,.kadence-column_326322-1c > .kt-inside-inner-col:before{border-top-left-radius:10px;border-top-right-radius:10px;border-bottom-right-radius:10px;border-bottom-left-radius:10px;}.kadence-column_326322-1c > .kt-inside-inner-col{background-color:var(--global-palette9, #ffffff);}.kadence-column_326322-1c > .kt-inside-inner-col:before{opacity:0.3;}.kadence-column_326322-1c{position:relative;}<\/style>\n<div class=\"wp-block-kadence-column inner-column-1 kadence-column_326322-1c\"><div class=\"kt-inside-inner-col\" style=\"background:var(--global-palette9)\"><style>.kadence-form-_b88023-2d .kb-form .kadence-blocks-form-field .kb-text-style-field, .kadence-form-_b88023-2d .kb-form .kadence-blocks-form-field .kb-select-style-field{border-width:1px 1px 1px 1px;background:var(--global-palette7, #EDF2F7);border-color:var(--global-palette7, #EDF2F7);}.kadence-form-_b88023-2d .kb-form .kadence-blocks-form-field .kb-text-style-field:focus, .kadence-form-_b88023-2d .kb-form .kadence-blocks-form-field .kb-select-style-field:focus{border-color:var(--global-palette8, #F7FAFC);background:var(--global-palette8, #F7FAFC);}.kadence-form-_b88023-2d .kb-form .kadence-blocks-form-field .kb-text-style-field{padding-top:12px;padding-right:18px;padding-bottom:12px;padding-left:18px;}.kadence-form-_b88023-2d .kb-form .kadence-blocks-form-field .kb-forms-submit{border-radius:50px;background:var(--global-palette1, #3182CE);}.kadence-form-_b88023-2d .kb-form .kadence-blocks-form-field .kb-forms-submit:hover, .kadence-form-_b88023-2d .kb-form .kadence-blocks-form-field .kb-forms-submit:focus {background:var(--global-palette2, #2B6CB0);}<\/style>\n<div class=\"wp-block-kadence-form kadence-form-_b88023-2d kb-form-wrap\"><form class=\"kb-form\" action=\"\" method=\"post\" data-trp-original-action=\"\"><div class=\"kadence-blocks-form-field kb-field-desk-width-100 kb-input-size-custom\"><label for=\"kb_field__b88023-2d_0\">Name<span class=\"required\">*<\/span><\/label><input name=\"kb_field_0\" id=\"kb_field__b88023-2d_0\" data-label=\"Name\" type=\"text\" placeholder=\"\" value=\"\" data-type=\"text\" class=\"kb-field kb-text-style-field kb-text-field kb-field-0\" data-required=\"yes\"\/><\/div><div class=\"kadence-blocks-form-field kb-form-field-1 kb-field-desk-width-100 kb-input-size-custom\"><label for=\"kb_field__b88023-2d_1\">E-Mail<span class=\"required\">*<\/span><\/label><input name=\"kb_field_1\" id=\"kb_field__b88023-2d_1\" data-label=\"E-Mail\" type=\"email\" placeholder=\"\" value=\"\" data-type=\"email\" class=\"kb-field kb-text-style-field kb-email-field kb-field-1\" data-required=\"yes\"\/><\/div><div class=\"kadence-blocks-form-field kb-form-field-2 kb-field-desk-width-100 kb-input-size-custom\"><label for=\"kb_field__b88023-2d_2\">Telefon<span class=\"required\">*<\/span><\/label><input name=\"kb_field_2\" id=\"kb_field__b88023-2d_2\" data-label=\"Telefon\" type=\"tel\" placeholder=\"\" value=\"\" data-type=\"tel\" class=\"kb-field kb-text-style-field kb-tel-field kb-field-2\" data-required=\"yes\"\/><\/div><div class=\"kadence-blocks-form-field kb-form-field-3 kb-field-desk-width-100 kb-input-size-custom\"><label for=\"kb_field__b88023-2d_3\">Betreff<span class=\"required\">*<\/span><\/label><input name=\"kb_field_3\" id=\"kb_field__b88023-2d_3\" data-label=\"Betreff\" type=\"text\" placeholder=\"\" value=\"\" data-type=\"text\" class=\"kb-field kb-text-style-field kb-text-field kb-field-3\" data-required=\"yes\"\/><\/div><div class=\"kadence-blocks-form-field kb-form-field-4 kb-field-desk-width-100 kb-input-size-custom\"><label for=\"kb_field__b88023-2d_4\">Nachricht<span class=\"required\">*<\/span><\/label><textarea name=\"kb_field_4\" id=\"kb_field__b88023-2d_4\" data-label=\"Nachricht\" type=\"textarea\" placeholder=\"\" data-type=\"textarea\" class=\"kb-field kb-text-style-field kb-textarea-field kb-field-4\" rows=\"4\" data-required=\"yes\"><\/textarea><\/div><input type=\"hidden\" name=\"_kb_form_id\" value=\"_b88023-2d\"\/><input type=\"hidden\" name=\"_kb_form_post_id\" value=\"369\"\/><input type=\"hidden\" name=\"action\" value=\"kb_process_ajax_submit\"\/><div class=\"kadence-blocks-form-field google-recaptcha-checkout-wrap\"><p id=\"kb-container-g-recaptcha\" class=\"google-recaptcha-container\"><span id=\"kb_recaptcha__b88023-2d\" class=\"kadence-blocks-g-recaptcha-v2 g-recaptcha kb_recaptcha__b88023-2d\" style=\"display:inline-block\"><\/span><\/p><\/div><div class=\"kadence-blocks-form-field kb-submit-field kb-field-desk-width-100\"><button class=\"kb-forms-submit button kb-button-size-standard kb-button-width-auto\">Senden<\/button><\/div><input type=\"hidden\" name=\"trp-form-language\" value=\"hu\"\/><\/form><\/div>\n<noscript><div class=\"kadence-blocks-form-message kadence-blocks-form-warning\">Please enable JavaScript in your browser to submit the form<\/div><style>.kadence-form-_b88023-2d .kadence-blocks-form-field.kb-submit-field { display: none; }<\/style><\/noscript><\/div><\/div>\n\n\n<style>.wp-block-kadence-column.kadence-column_3eb6c1-de > .kt-inside-inner-col{margin-top:28px;}.kadence-column_3eb6c1-de > .kt-inside-inner-col{border-top-width:0px;border-right-width:0px;border-bottom-width:0px;border-left-width:0px;}.kadence-column_3eb6c1-de > .kt-inside-inner-col,.kadence-column_3eb6c1-de > .kt-inside-inner-col:before{border-top-left-radius:0px;border-top-right-radius:0px;border-bottom-right-radius:0px;border-bottom-left-radius:0px;}.kadence-column_3eb6c1-de > .kt-inside-inner-col:before{opacity:0.3;}.kadence-column_3eb6c1-de{position:relative;}<\/style>\n<div class=\"wp-block-kadence-column inner-column-2 kadence-column_3eb6c1-de\"><div class=\"kt-inside-inner-col\"><style>#kt-info-box_96b056-a1 .kt-blocks-info-box-link-wrap{border-radius:20px;border-top-width:0px;border-right-width:0px;border-bottom-width:0px;border-left-width:0px;background:#ffffff;padding-top:24px;padding-right:24px;padding-bottom:24px;padding-left:24px;margin-top:0px;}#kt-info-box_96b056-a1 .kt-blocks-info-box-link-wrap:hover{background:#ffffff;}#kt-info-box_96b056-a1 .kadence-info-box-image-inner-intrisic-container{max-width:150px;}#kt-info-box_96b056-a1 .kadence-info-box-image-inner-intrisic-container .kadence-info-box-image-intrisic{padding-bottom:100%;width:800px;height:0px;max-width:100%;}#kt-info-box_96b056-a1 .kt-info-svg-icon, #kt-info-box_96b056-a1 .kt-info-svg-icon-flip, #kt-info-box_96b056-a1 .kt-blocks-info-box-number{font-size:50px;}#kt-info-box_96b056-a1 .kt-blocks-info-box-media{color:#444444;background:#ffffff;border-color:#eeeeee;border-radius:200px;border-top-width:5px;border-right-width:5px;border-bottom-width:5px;border-left-width:5px;padding-top:0px;padding-right:0px;padding-bottom:0px;padding-left:0px;}#kt-info-box_96b056-a1 .kt-blocks-info-box-media-container{margin-top:-75px;margin-right:0px;margin-bottom:20px;margin-left:0px;}#kt-info-box_96b056-a1 .kt-blocks-info-box-media .kadence-info-box-image-intrisic img{border-radius:200px;}#kt-info-box_96b056-a1 .kt-blocks-info-box-link-wrap:hover .kt-blocks-info-box-media{color:#444444;background:#ffffff;border-color:#eeeeee;}#kt-info-box_96b056-a1 h3.kt-blocks-info-box-title{color:var(--global-palette6, #718096);padding-top:0px;padding-right:0px;padding-bottom:0px;padding-left:0px;margin-top:5px;margin-right:0px;margin-bottom:10px;margin-left:0px;}#kt-info-box_96b056-a1 .kt-blocks-info-box-text{color:var(--global-palette6, #718096);}#kt-info-box_96b056-a1 .kt-blocks-info-box-learnmore{background:transparent;border-width:0px 0px 0px 0px;padding-top:4px;padding-right:8px;padding-bottom:4px;padding-left:8px;margin:10px 0px 10px 0px;}<\/style>\n<div id=\"kt-info-box_96b056-a1\" class=\"wp-block-kadence-infobox\"><a class=\"kt-blocks-info-box-link-wrap info-box-link kt-blocks-info-box-media-align-top kt-info-halign-center\"><div class=\"kt-blocks-info-box-media-container\"><div class=\"kt-blocks-info-box-media kt-info-media-animate-none\"><div class=\"kadence-info-box-image-inner-intrisic-container\" style=\"max-width:150px\"><div class=\"kadence-info-box-image-intrisic kt-info-animate-none\" style=\"padding-bottom:100%;height:0;width:800px;max-width:100%\"><div class=\"kadence-info-box-image-inner-intrisic\"><img decoding=\"async\" loading=\"lazy\" src=\"https:\/\/stage.themethode.at\/wp-content\/uploads\/2020\/12\/Methode_Moni-scaled-e1609269771634.jpg\" alt=\"\" width=\"800\" height=\"800\" class=\"kt-info-box-image wp-image-651\"\/><\/div><\/div><\/div><\/div><\/div><div class=\"kt-infobox-textcontent\"><h3 class=\"kt-blocks-info-box-title\">M\u00f3nika Palk\u00f3<\/h3><p class=\"kt-blocks-info-box-text\">M\u00f6chten Sie einen Artikel aus meinem Lernmaterial Angebot bestellen?<br\/>Sind Sie an Nachhilfe Unterricht in Deutsch interessiert?<br\/>Scheuen Sie sich nicht mich zu kontaktieren.<\/p><\/div><\/a><\/div>\n\n\n<style>#kt-info-box_f12632-77 .kt-blocks-info-box-link-wrap{border-top-width:0px;border-right-width:0px;border-bottom-width:0px;border-left-width:0px;background:#ffffff;padding-top:24px;padding-right:24px;padding-bottom:24px;padding-left:24px;margin-top:50px;}#kt-info-box_f12632-77 .kt-blocks-info-box-link-wrap:hover{background:#ffffff;}#kt-info-box_f12632-77 .kt-info-svg-icon, #kt-info-box_f12632-77 .kt-info-svg-icon-flip, #kt-info-box_f12632-77 .kt-blocks-info-box-number{font-size:28px;}#kt-info-box_f12632-77 .kt-blocks-info-box-media{color:var(--global-palette6, #718096);background:#ffffff;border-color:#eeeeee;border-radius:200px;border-top-width:0px;border-right-width:0px;border-bottom-width:0px;border-left-width:0px;padding-top:0px;padding-right:0px;padding-bottom:0px;padding-left:0px;}#kt-info-box_f12632-77 .kt-blocks-info-box-media-container{margin-top:-75px;margin-right:0px;margin-bottom:20px;margin-left:0px;}#kt-info-box_f12632-77 .kt-blocks-info-box-media .kadence-info-box-image-intrisic img{border-radius:200px;}#kt-info-box_f12632-77 .kt-blocks-info-box-link-wrap:hover .kt-blocks-info-box-media{color:#444444;background:#ffffff;border-color:#eeeeee;}#kt-info-box_f12632-77 h4.kt-blocks-info-box-title{color:var(--global-palette6, #718096);padding-top:0px;padding-right:0px;padding-bottom:0px;padding-left:0px;margin-top:5px;margin-right:0px;margin-bottom:10px;margin-left:0px;}#kt-info-box_f12632-77 .kt-blocks-info-box-learnmore{background:transparent;border-width:0px 0px 0px 0px;padding-top:4px;padding-right:8px;padding-bottom:4px;padding-left:8px;margin:10px 0px 10px 0px;}<\/style>\n<div id=\"kt-info-box_f12632-77\" class=\"wp-block-kadence-infobox\"><a class=\"kt-blocks-info-box-link-wrap info-box-link kt-blocks-info-box-media-align-top kt-info-halign-center\"><div class=\"kt-blocks-info-box-media-container\"><div class=\"kt-blocks-info-box-media kt-info-media-animate-none\"><div class=\"kadence-info-box-icon-container kt-info-icon-animate-none\"><div class=\"kadence-info-box-icon-inner-container\"><span style=\"display:block;justify-content:center;align-items:center\" class=\"kt-info-svg-icon kt-info-svg-icon-fe_phoneOutgoing\"><svg style=\"display:inline-block;vertical-align:middle\" viewbox=\"0 0 24 24\" height=\"28\" width=\"28\" fill=\"none\" stroke=\"currentColor\" xmlns=\"http:\/\/www.w3.org\/2000\/svg\" stroke-width=\"2\" stroke-linecap=\"round\" stroke-linejoin=\"round\"><polyline points=\"23 7 23 1 17 1\"><\/polyline><line x1=\"16\" y1=\"8\" x2=\"23\" y2=\"1\"><\/line><path d=\"M22 16.92v3a2 2 0 0 1-2.18 2 19.79 19.79 0 0 1-8.63-3.07 19.5 19.5 0 0 1-6-6 19.79 19.79 0 0 1-3.07-8.67A2 2 0 0 1 4.11 2h3a2 2 0 0 1 2 1.72 12.84 12.84 0 0 0 .7 2.81 2 2 0 0 1-.45 2.11L8.09 9.91a16 16 0 0 0 6 6l1.27-1.27a2 2 0 0 1 2.11-.45 12.84 12.84 0 0 0 2.81.7A2 2 0 0 1 22 16.92z\"><\/path><\/svg><\/span><\/div><\/div><\/div><\/div><div class=\"kt-infobox-textcontent\"><h4 class=\"kt-blocks-info-box-title\"><strong>+43 660 682 1359<\/strong><\/h4><p class=\"kt-blocks-info-box-text\"> <\/p><\/div><\/a><\/div>\n<\/div><\/div>\n<\/div><\/div><\/div>","protected":false},"excerpt":{"rendered":"<p>Kontakt E-Mail Nimm mit uns Kontakt auf &#8230;Besz\u00e9lek magyarul \u00e9s n\u00e9met\u00fcl !<\/p>","protected":false},"author":1,"featured_media":0,"parent":0,"menu_order":0,"comment_status":"closed","ping_status":"closed","template":"","meta":{"_kad_blocks_custom_css":"","_kad_blocks_head_custom_js":"","_kad_blocks_body_custom_js":"","_kad_blocks_footer_custom_js":"","_kad_post_transparent":"","_kad_post_title":"hide","_kad_post_layout":"","_kad_post_sidebar_id":"","_kad_post_content_style":"","_kad_post_vertical_padding":"","_kad_post_feature":"","_kad_post_feature_position":"","_kad_post_header":false,"_kad_post_footer":false},"featured_image_src_large":false,"author_info":{"display_name":"jfkbeck","author_link":"https:\/\/stage.themethode.at\/hu\/author\/jfkbeck\/"},"comment_info":0,"taxonomy_info":[],"_links":{"self":[{"href":"https:\/\/stage.themethode.at\/hu\/wp-json\/wp\/v2\/pages\/369"}],"collection":[{"href":"https:\/\/stage.themethode.at\/hu\/wp-json\/wp\/v2\/pages"}],"about":[{"href":"https:\/\/stage.themethode.at\/hu\/wp-json\/wp\/v2\/types\/page"}],"author":[{"embeddable":true,"href":"https:\/\/stage.themethode.at\/hu\/wp-json\/wp\/v2\/users\/1"}],"replies":[{"embeddable":true,"href":"https:\/\/stage.themethode.at\/hu\/wp-json\/wp\/v2\/comments?post=369"}],"version-history":[{"count":11,"href":"https:\/\/stage.themethode.at\/hu\/wp-json\/wp\/v2\/pages\/369\/revisions"}],"predecessor-version":[{"id":1018,"href":"https:\/\/stage.themethode.at\/hu\/wp-json\/wp\/v2\/pages\/369\/revisions\/1018"}],"wp:attachment":[{"href":"https:\/\/stage.themethode.at\/hu\/wp-json\/wp\/v2\/media?parent=369"}],"curies":[{"name":"wp","href":"https:\/\/api.w.org\/{rel}","templated":true}]}}