{"id":646,"date":"2020-12-13T15:22:52","date_gmt":"2020-12-13T14:22:52","guid":{"rendered":"http:\/\/stage.themethode.at\/?page_id=646"},"modified":"2021-04-07T01:05:44","modified_gmt":"2021-04-06T23:05:44","slug":"shop","status":"publish","type":"page","link":"https:\/\/stage.themethode.at\/hu\/shop\/","title":{"rendered":"Aruhaz"},"content":{"rendered":"<style>#kt-layout-id_fe5438-1b > .kt-row-column-wrap{z-index:10;position:relative;align-content:center;}:where(#kt-layout-id_fe5438-1b > .kt-row-column-wrap) > .wp-block-kadence-column{justify-content:center;}#kt-layout-id_fe5438-1b > .kt-row-column-wrap{column-gap:var(--global-kb-gap-md, 2rem);row-gap:var(--global-kb-gap-md, 2rem);max-width:687px;margin-left:auto;margin-right:auto;padding-top:25px;padding-bottom:25px;padding-top:0px;padding-bottom:0px;padding-left:25px;padding-right:25px;min-height:388px;grid-template-columns:minmax(0, 1fr);}#kt-layout-id_fe5438-1b{background-image:url('http:\/\/stage.themethode.at\/wp-content\/uploads\/2020\/12\/Lehrnmaterial_halb.jpg');background-size:cover;background-position:51% 79%;background-attachment:scroll;background-repeat:no-repeat;}#kt-layout-id_fe5438-1b > .kt-row-layout-overlay{opacity:0.80;background-image:linear-gradient(90deg, var(--global-palette1, #3182CE) 12%, var(--global-palette2, #2B6CB0) 100%);}#kt-layout-id_fe5438-1b .kt-row-layout-bottom-sep{height:100px;}#kt-layout-id_fe5438-1b .kt-row-layout-bottom-sep svg{width:100%;}#kt-layout-id_fe5438-1b .kt-row-layout-bottom-sep svg{fill:var(--global-palette9, #ffffff)!important;}@media all and (max-width: 1024px){#kt-layout-id_fe5438-1b > .kt-row-column-wrap{min-height:388px;grid-template-columns:minmax(0, 1fr);}}@media all and (max-width: 1024px){#kt-layout-id_fe5438-1b .kt-row-layout-bottom-sep{height:px;}}@media all and (max-width: 1024px){#kt-layout-id_fe5438-1b .kt-row-layout-bottom-sep svg{width:%;}}@media all and (max-width: 767px){#kt-layout-id_fe5438-1b > .kt-row-column-wrap{min-height:388px;grid-template-columns:minmax(0, 1fr);}#kt-layout-id_fe5438-1b .kt-row-layout-bottom-sep{height:px;}#kt-layout-id_fe5438-1b .kt-row-layout-bottom-sep svg{width:%;}}<\/style>\n<div class=\"wp-block-kadence-rowlayout alignnone\"><div id=\"kt-layout-id_fe5438-1b\" class=\"kt-row-layout-inner kt-row-has-bg kt-layout-id_fe5438-1b\"><div class=\"kt-row-layout-overlay kt-row-overlay-gradient\"><\/div><div class=\"kt-row-column-wrap kt-has-1-columns kt-gutter-default kt-v-gutter-default kt-row-valign-middle kt-row-layout-equal kt-tab-layout-inherit kt-m-colapse-left-to-right kt-mobile-layout-row\"><style>.kadence-column_c0c8fe-52 > .kt-inside-inner-col{border-top-width:0px;border-right-width:0px;border-bottom-width:0px;border-left-width:0px;}.kadence-column_c0c8fe-52 > .kt-inside-inner-col,.kadence-column_c0c8fe-52 > .kt-inside-inner-col:before{border-top-left-radius:0px;border-top-right-radius:0px;border-bottom-right-radius:0px;border-bottom-left-radius:0px;}.kadence-column_c0c8fe-52 > .kt-inside-inner-col:before{opacity:0.3;}.kadence-column_c0c8fe-52{position:relative;}<\/style>\n<div class=\"wp-block-kadence-column inner-column-1 kadence-column_c0c8fe-52\"><div class=\"kt-inside-inner-col\"><style>.wp-block-kadence-advancedheading.kt-adv-heading_e0bf54-d0, .wp-block-kadence-advancedheading.kt-adv-heading_e0bf54-d0[data-kb-block=\"kb-adv-heading_e0bf54-d0\"]{text-align:center;font-size:60px;font-style:normal;color:#ffffff;text-shadow:1px 1px 1px rgba(0, 0, 0, 0.2);}.wp-block-kadence-advancedheading.kt-adv-heading_e0bf54-d0 mark, .wp-block-kadence-advancedheading.kt-adv-heading_e0bf54-d0[data-kb-block=\"kb-adv-heading_e0bf54-d0\"] mark{font-style:normal;color:#f76a0c;padding-top:0px;padding-right:0px;padding-bottom:0px;padding-left:0px;}<\/style>\n<h1 class=\"kt-adv-heading_e0bf54-d0 wp-block-kadence-advancedheading\" data-kb-block=\"kb-adv-heading_e0bf54-d0\">Shop f\u00fcr Lehrmaterial<\/h1>\n\n\n\n<p><\/p>\n<\/div><\/div>\n<\/div><div class=\"kt-row-layout-bottom-sep kt-row-sep-type-mtns\"><svg style=\"fill:var(--global-palette9)\" viewbox=\"0 0 1000 100\" preserveaspectratio=\"none\"><path d=\"M1000,50l-182.69,-45.286l-292.031,61.197l-190.875,-41.075l-143.748,28.794l-190.656,-23.63l0,70l1000,0l0,-50Z\" style=\"opacity:0.4\"><\/path><path d=\"M1000,57l-152.781,-22.589l-214.383,19.81l-159.318,-21.471l-177.44,25.875l-192.722,5.627l-103.356,-27.275l0,63.023l1000,0l0,-43Z\"><\/path><\/svg><\/div><\/div><\/div>\n\n\n<style type=\"text\/css\">\r\n    .wbg-parent-wrapper {\r\n    background: #FFF;\r\n    border: 1px solid #FFFFFF;\r\n    max-width: 1200px;\r\n    margin-top: 0px;\r\n    margin-bottom: 0px;\r\n    padding: 0px;\r\n    border-radius: 0px;\r\n  }\r\n  \/* Search Panel *\/\r\n  .wbg-search-container {\r\n    background: #FFFFFF;\r\n    border: 0px solid #CCCCCC;\r\n    border-radius: 0px;\r\n  }\r\n  \/* Search Input *\/\r\n  .wbg-search-container .wbg-search-item input[type=\"text\"],\r\n  .selectize-control.single .selectize-input {\r\n    background-color: #FFFFFF;\r\n  }\r\n  \/* Search Button *\/\r\n  .wbg-search-container .wbg-search-item .submit-btn {\r\n    background: #0274be;\r\n    border: 1px solid #317081;\r\n    color: #FFFFFF;\r\n  }\r\n  .wbg-search-container .wbg-search-item .submit-btn:hover {\r\n    background: #EAEAEA;\r\n    color: #242424;\r\n  }\r\n  \/* Search Reset Button *\/\r\n  .wbg-search-container .wbg-search-item a#wbg-search-refresh {\r\n    background: #EEEEEE;\r\n    border: 1px solid #999999;\r\n    color: #111111;\r\n  }\r\n  .wbg-main-wrapper .wbg-item {\r\n    border: 1px solid #FFFFFF;\r\n    background-color: #F4F4F4;\r\n    white-space: normal;\r\n    padding-top: 10px;\r\n    padding-right: 10px;\r\n    padding-left: 10px;\r\n  }\r\n  \/*\r\n  .wbg-main-wrapper .wbg-item img {\r\n    width: ;\r\n    height: ;\r\n  }\r\n  *\/\r\n  .wbg-main-wrapper .wbg-item img:hover {\r\n      }\r\n  .wbg-main-wrapper .wbg-item a.wbg-btn {\r\n    background: #0274be;\r\n    color: #FFFFFF;\r\n    font-size: 12px;\r\n  }\r\n  .wbg-main-wrapper .wbg-item a.wbg-btn:hover {\r\n    background: #0274be;\r\n    color: #FFFFFF;\r\n  }\r\n  .wbg-main-wrapper .wbg-item .wgb-item-link {\r\n    color: #242424 !important;\r\n    font-size: 18px !important;\r\n  }\r\n  .wbg-main-wrapper .wbg-item .wgb-item-link:hover {\r\n    color: #FF0000 !important;\r\n  }\r\n  .wbg-main-wrapper .wbg-item .wbg-description-content {\r\n    font-size: 12px !important;\r\n    color: #242424 !important;\r\n  }\r\n  \r\n  @-webkit-keyframes rotation {\r\n    from {\r\n      -webkit-transform: rotate(0deg);\r\n    }\r\n    to {\r\n      -webkit-transform: rotate(360deg);\r\n    }\r\n  }\r\n\r\n  \/* List style *\/\r\n  .wbg-main-wrapper.list .wbg-item-list-wrapper {\r\n      border-bottom: 1px solid #FFFFFF;\r\n      background-color: #F4F4F4;\r\n      white-space: normal;\r\n  }\r\n  .wbg-main-wrapper.list .wbg-item-list-wrapper .wbg-item-list-detials .wbg-title h3.wgb-item-link,\r\n  .wbg-main-wrapper.list .wbg-item-list-wrapper .wbg-item-list-detials .wbg-title a.wgb-item-link {\r\n      color: #242424 !important;\r\n      font-size: 18px !important;\r\n  }\r\n  .wbg-main-wrapper.list .wbg-item-list-wrapper .wbg-item-list-detials .wbg-title h3.wgb-item-link:hover,\r\n  .wbg-main-wrapper.list .wbg-item-list-wrapper .wbg-item-list-detials .wbg-title a.wgb-item-link:hover {\r\n      color: #FF0000 !important;\r\n  }\r\n  .wbg-main-wrapper.list .wbg-item-list-wrapper .wbg-item-list-detials .regular-price .wbgp-price {\r\n    font-size: 16px;\r\n  }\r\n  .wbg-main-wrapper.list .wbg-item-list-wrapper .wbg-item-list-detials .regular-price .wbgp-price.price-after {\r\n      color: #13b651;\r\n  }\r\n  .wbg-main-wrapper.list .wbg-item-list-wrapper .wbg-item-list-detials .regular-price .wbgp-price.price-before {\r\n      color: #ff7162;\r\n  }\r\n  .wbg-main-wrapper.list .wbg-item-list-wrapper .wbg-item-list-detials span.loop-author {\r\n    color: #555555;\r\n    font-size: 11px !important;\r\n  }\r\n  .wbg-main-wrapper.list .wbg-item-list-wrapper .wbg-item-list-detials span.loop-category {\r\n    color: #555555;\r\n    font-size: 11px !important;\r\n  }\r\n  .wbg-main-wrapper.list .wbg-item-list-wrapper .wbg-item-list-detials .wbg-description-content {\r\n      font-size: 12px !important;\r\n      color: #242424 !important;\r\n  }\r\n  .wbg-main-wrapper .wbg-item-list-wrapper a.wbg-btn {\r\n      background: #0274be;\r\n      color: #FFFFFF;\r\n      font-size: 12px;\r\n  }\r\n  .wbg-main-wrapper .wbg-item-list-wrapper a.wbg-btn:hover {\r\n      background: #0274be;\r\n      color: #FFFFFF;\r\n  }\r\n<\/style><div class=\"wbg-parent-wrapper\">\r\n      <div class=\"wbg-main-wrapper wbg-product-column-3 wbg-product-column-mobile-1 grid\">\r\n      <div class=\"wbg-item\">\r\n        <img width=\"150\" height=\"150\" src=\"https:\/\/stage.themethode.at\/wp-content\/uploads\/2020\/12\/1-150x150.jpg\" class=\"attachment-thumbnail size-thumbnail wp-post-image\" alt=\"\" decoding=\"async\" loading=\"lazy\" srcset=\"https:\/\/stage.themethode.at\/wp-content\/uploads\/2020\/12\/1-150x150.jpg 150w, https:\/\/stage.themethode.at\/wp-content\/uploads\/2020\/12\/1-300x300.jpg 300w, https:\/\/stage.themethode.at\/wp-content\/uploads\/2020\/12\/1.jpg 529w\" sizes=\"(max-width: 150px) 100vw, 150px\" \/>    <h3 class=\"wgb-item-link\" data-post_id=\"669\">300 zu+Inf. &#8222;Ko\u0308telezo\u030ben aja\u0301nlott&#8220;<\/h3>\r\n            <span class=\"loop-category\">\r\n            Kategorie:            WPG-Lernkarten        <\/span>\r\n                <span class=\"loop-author\">\r\n            Autor:Palk\u00f3 M\u00f3nika        <\/span>\r\n        \r\n    \r\n    \r\n    \r\n    <div class=\"wbg-button-container\">\r\n                        <a href=\"https:\/\/stage.themethode.at\/hu\/kontakt\/\" class=\"button wbg-btn\" target=\"_blank\">\r\n                    <i class=\"fa-solid fa-download\"><\/i>&nbsp;Bestellen                <\/a>\r\n                    <\/div>\r\n<\/div><div class=\"wbg-item\">\r\n        <img width=\"150\" height=\"150\" src=\"https:\/\/stage.themethode.at\/wp-content\/uploads\/2020\/12\/Satzspiel-150x150.jpg\" class=\"attachment-thumbnail size-thumbnail wp-post-image\" alt=\"\" decoding=\"async\" loading=\"lazy\" \/>    <h3 class=\"wgb-item-link\" data-post_id=\"678\">THE Methode &#8222;Mondatvada\u0301sz ka\u0301rtyaja\u0301te\u0301k&#8220;<\/h3>\r\n            <div class=\"wbg-description-content\">\r\n        Mondatvada\u0301sz ka\u0301rtyaja\u0301te\u0301k - Kartenspiel zum Satzbau (tov\u00e1bb&hellip;)        <\/div>\r\n                <span class=\"loop-category\">\r\n            Kategorie:            WPG-Lernspiel        <\/span>\r\n                <span class=\"loop-author\">\r\n            Autor:Palk\u00f3 M\u00f3nika        <\/span>\r\n        \r\n    \r\n    \r\n    \r\n    <div class=\"wbg-button-container\">\r\n                        <a href=\"https:\/\/stage.themethode.at\/hu\/kontakt\/\" class=\"button wbg-btn\" target=\"_blank\">\r\n                    <i class=\"fa-solid fa-download\"><\/i>&nbsp;Bestellen                <\/a>\r\n                    <\/div>\r\n<\/div><div class=\"wbg-item\">\r\n        <img width=\"150\" height=\"150\" src=\"https:\/\/stage.themethode.at\/wp-content\/uploads\/2020\/12\/2-150x150.jpg\" class=\"attachment-thumbnail size-thumbnail wp-post-image\" alt=\"\" decoding=\"async\" loading=\"lazy\" \/>    <h3 class=\"wgb-item-link\" data-post_id=\"671\">THE Methode &#8222;mu\u0301lt ido\u030b...<\/h3>\r\n            <div class=\"wbg-description-content\">\r\n        THE METHODE Mu\u0301lt ido\u030b ka\u0301rtya (17\u20ac)        <\/div>\r\n                <span class=\"loop-category\">\r\n            Kategorie:            WPG-Lernkarten        <\/span>\r\n                <span class=\"loop-author\">\r\n            Autor:Palk\u00f3 M\u00f3nika        <\/span>\r\n        \r\n    \r\n    \r\n    \r\n    <div class=\"wbg-button-container\">\r\n                        <a href=\"https:\/\/stage.themethode.at\/hu\/kontakt\/\" class=\"button wbg-btn\" target=\"_blank\">\r\n                    <i class=\"fa-solid fa-download\"><\/i>&nbsp;Bestellen                <\/a>\r\n                    <\/div>\r\n<\/div><div class=\"wbg-item\">\r\n        <img width=\"150\" height=\"150\" src=\"https:\/\/stage.themethode.at\/wp-content\/uploads\/2020\/12\/1.Resz-korr-150x150.jpg\" class=\"attachment-thumbnail size-thumbnail wp-post-image\" alt=\"\" decoding=\"async\" loading=\"lazy\" \/>    <h3 class=\"wgb-item-link\" data-post_id=\"147\">THE Methode 1.R\u00e9sz<\/h3>\r\n            <div class=\"wbg-description-content\">\r\n        THE METHODE 1.Re\u0301sz Tanko\u0308nyv (tov\u00e1bb&hellip;)        <\/div>\r\n                <span class=\"loop-category\">\r\n            Kategorie:            WPG-Lehrbuch        <\/span>\r\n                <span class=\"loop-author\">\r\n            Autor:Ferenz (Palk\u00f3) M\u00f3nika        <\/span>\r\n        \r\n    \r\n    \r\n    \r\n    <div class=\"wbg-button-container\">\r\n                        <a href=\"https:\/\/stage.themethode.at\/hu\/kontakt\/\" class=\"button wbg-btn\" target=\"_blank\">\r\n                    <i class=\"fa-solid fa-download\"><\/i>&nbsp;Bestellen                <\/a>\r\n                    <\/div>\r\n<\/div><div class=\"wbg-item\">\r\n        <img width=\"150\" height=\"150\" src=\"https:\/\/stage.themethode.at\/wp-content\/uploads\/2020\/12\/Munkafuzet2-150x150.jpg\" class=\"attachment-thumbnail size-thumbnail wp-post-image\" alt=\"\" decoding=\"async\" loading=\"lazy\" \/>    <h3 class=\"wgb-item-link\" data-post_id=\"154\">THE Methode 1.Re\u0301sz Munkafu\u0308zet<\/h3>\r\n            <div class=\"wbg-description-content\">\r\n        Arbeitsheft zu Band 1 \"A n\u00e9met nyelv akkor lesz logikus. Amikor elfogadod a nyelvtani ismeretek birok\u00e1ban a goldolkod\u00e1s\u00e1t\"        <\/div>\r\n                <span class=\"loop-category\">\r\n            Kategorie:            WPG-Lehrbuch        <\/span>\r\n                <span class=\"loop-author\">\r\n            Autor:Ferenz (Palk\u00f3) M\u00f3nika        <\/span>\r\n        \r\n    \r\n    \r\n    \r\n    <div class=\"wbg-button-container\">\r\n                        <a href=\"https:\/\/stage.themethode.at\/hu\/kontakt\/\" class=\"button wbg-btn\" target=\"_blank\">\r\n                    <i class=\"fa-solid fa-download\"><\/i>&nbsp;Bestellen                <\/a>\r\n                    <\/div>\r\n<\/div><div class=\"wbg-item\">\r\n        <img width=\"150\" height=\"150\" src=\"https:\/\/stage.themethode.at\/wp-content\/uploads\/2020\/12\/2-resz-150x150.jpg\" class=\"attachment-thumbnail size-thumbnail wp-post-image\" alt=\"\" decoding=\"async\" loading=\"lazy\" \/>    <h3 class=\"wgb-item-link\" data-post_id=\"155\">THE Methode 2.R\u00e9sz<\/h3>\r\n            <div class=\"wbg-description-content\">\r\n        THE METHODE 2.Re\u0301sz Tanko\u0308nyv (tov\u00e1bb&hellip;)        <\/div>\r\n                <span class=\"loop-category\">\r\n            Kategorie:            WPG-Lehrbuch        <\/span>\r\n                <span class=\"loop-author\">\r\n            Autor:Palk\u00f3 M\u00f3nika        <\/span>\r\n        \r\n    \r\n    \r\n    \r\n    <div class=\"wbg-button-container\">\r\n                        <a href=\"https:\/\/stage.themethode.at\/hu\/kontakt\/\" class=\"button wbg-btn\" target=\"_blank\">\r\n                    <i class=\"fa-solid fa-download\"><\/i>&nbsp;Bestellen                <\/a>\r\n                    <\/div>\r\n<\/div><div class=\"wbg-item\">\r\n        <img width=\"150\" height=\"150\" src=\"https:\/\/stage.themethode.at\/wp-content\/uploads\/2021\/01\/Munkafuzet2-150x150.jpg\" class=\"attachment-thumbnail size-thumbnail wp-post-image\" alt=\"\" decoding=\"async\" loading=\"lazy\" \/>    <h3 class=\"wgb-item-link\" data-post_id=\"845\">THE Methode 2.Re\u0301sz Munkafu\u0308zet<\/h3>\r\n            <div class=\"wbg-description-content\">\r\n        Arbeitsheft zu Band 2 =========================== Fragen Sie nach Kombinations-Rabatte        <\/div>\r\n                <span class=\"loop-category\">\r\n            Kategorie:            WPG-Lehrbuch        <\/span>\r\n                <span class=\"loop-author\">\r\n            Autor:Palk\u00f3 M\u00f3nika        <\/span>\r\n        \r\n    \r\n    \r\n    \r\n    <div class=\"wbg-button-container\">\r\n                        <a href=\"https:\/\/stage.themethode.at\/hu\/kontakt\/\" class=\"button wbg-btn\" target=\"_blank\">\r\n                    <i class=\"fa-solid fa-download\"><\/i>&nbsp;Bestellen                <\/a>\r\n                    <\/div>\r\n<\/div><div class=\"wbg-item\">\r\n        <img width=\"150\" height=\"150\" src=\"https:\/\/stage.themethode.at\/wp-content\/uploads\/2020\/12\/3-150x150.jpg\" class=\"attachment-thumbnail size-thumbnail wp-post-image\" alt=\"\" decoding=\"async\" loading=\"lazy\" \/>    <h3 class=\"wgb-item-link\" data-post_id=\"672\">THE Methode Fa<\/h3>\r\n            <span class=\"loop-category\">\r\n            Kategorie:            WPG-Lernkarten        <\/span>\r\n                <span class=\"loop-author\">\r\n            Autor:Ferenz (Palk\u00f3) M\u00f3nika        <\/span>\r\n        \r\n    \r\n    \r\n    \r\n    <div class=\"wbg-button-container\">\r\n                        <a href=\"https:\/\/stage.themethode.at\/hu\/kontakt\/\" class=\"button wbg-btn\" target=\"_blank\">\r\n                    <i class=\"fa-solid fa-download\"><\/i>&nbsp;Bestellen                <\/a>\r\n                    <\/div>\r\n<\/div><div class=\"wbg-item\">\r\n        <img width=\"150\" height=\"150\" src=\"https:\/\/stage.themethode.at\/wp-content\/uploads\/2021\/08\/IMG_0116-150x150.jpg\" class=\"attachment-thumbnail size-thumbnail wp-post-image\" alt=\"\" decoding=\"async\" loading=\"lazy\" \/>    <h3 class=\"wgb-item-link\" data-post_id=\"1041\">THE Methode Start j\u00e1t\u00e9k<\/h3>\r\n            <div class=\"wbg-description-content\">\r\n        A j\u00e1t\u00e9kot 6 szem\u00e9ly j\u00e1tszhatja. Tartalom: 1 db j\u00e1t\u00e9kt\u00e1bla 6 db hangjegyt\u00e1bla 6 db THE METHODE b\u00e1bu 684 db THE...        <\/div>\r\n                <span class=\"loop-category\">\r\n            Kategorie:            WPG-Lernspiel        <\/span>\r\n                <span class=\"loop-author\">\r\n            Autor:P\u00e1lko M\u00f3nika        <\/span>\r\n        \r\n    \r\n    \r\n    \r\n    <div class=\"wbg-button-container\">\r\n                        <a href=\"https:\/\/stage.themethode.at\/hu\/kontakt\/\" class=\"button wbg-btn\" target=\"_blank\">\r\n                    <i class=\"fa-solid fa-download\"><\/i>&nbsp;Bestellen                <\/a>\r\n                    <\/div>\r\n<\/div><div class=\"wbg-item\">\r\n        <img width=\"150\" height=\"150\" src=\"https:\/\/stage.themethode.at\/wp-content\/uploads\/2020\/12\/Videos-150x150.jpg\" class=\"attachment-thumbnail size-thumbnail wp-post-image\" alt=\"\" decoding=\"async\" loading=\"lazy\" \/>    <h3 class=\"wgb-item-link\" data-post_id=\"680\">THE METHODE video\u0301sorozat 1-10<\/h3>\r\n            <div class=\"wbg-description-content\">\r\n        THE METHODE Videos Serie 1-10 (tov\u00e1bb&hellip;)        <\/div>\r\n                <span class=\"loop-category\">\r\n            Kategorie:            WPG-Video        <\/span>\r\n                <span class=\"loop-author\">\r\n            Autor:Palk\u00f3 M\u00f3nika        <\/span>\r\n        \r\n    \r\n    \r\n    \r\n    <div class=\"wbg-button-container\">\r\n                        <a href=\"https:\/\/stage.themethode.at\/hu\/kontakt\/\" class=\"button wbg-btn\" target=\"_blank\">\r\n                    <i class=\"fa-solid fa-download\"><\/i>&nbsp;Bestellen                <\/a>\r\n                    <\/div>\r\n<\/div>    <\/div>\r\n    <\/div>\r\n\n\n\n<style>#kt-layout-id_e9472a-e1 > .kt-row-column-wrap{align-content:start;}:where(#kt-layout-id_e9472a-e1 > .kt-row-column-wrap) > .wp-block-kadence-column{justify-content:start;}#kt-layout-id_e9472a-e1 > .kt-row-column-wrap{column-gap:var(--global-kb-gap-md, 2rem);row-gap:var(--global-kb-gap-md, 2rem);padding-top:25px;padding-bottom:25px;padding-top:0px;grid-template-columns:minmax(0, 1fr);}#kt-layout-id_e9472a-e1 > .kt-row-layout-overlay{opacity:0.30;}@media all and (max-width: 1024px){#kt-layout-id_e9472a-e1 > .kt-row-column-wrap{grid-template-columns:minmax(0, 1fr);}}@media all and (max-width: 767px){#kt-layout-id_e9472a-e1 > .kt-row-column-wrap{grid-template-columns:minmax(0, 1fr);}}<\/style>\n<div class=\"wp-block-kadence-rowlayout alignnone\"><div id=\"kt-layout-id_e9472a-e1\" class=\"kt-row-layout-inner kt-layout-id_e9472a-e1\"><div class=\"kt-row-column-wrap kt-has-1-columns kt-gutter-default kt-v-gutter-default kt-row-valign-top kt-row-layout-equal kt-tab-layout-inherit kt-m-colapse-left-to-right kt-mobile-layout-row\"><style>.kadence-column_264b7c-4a > .kt-inside-inner-col{border-top-width:0px;border-right-width:0px;border-bottom-width:0px;border-left-width:0px;}.kadence-column_264b7c-4a > .kt-inside-inner-col,.kadence-column_264b7c-4a > .kt-inside-inner-col:before{border-top-left-radius:0px;border-top-right-radius:0px;border-bottom-right-radius:0px;border-bottom-left-radius:0px;}.kadence-column_264b7c-4a > .kt-inside-inner-col:before{opacity:0.3;}.kadence-column_264b7c-4a{position:relative;}<\/style>\n<div class=\"wp-block-kadence-column inner-column-1 kadence-column_264b7c-4a\"><div class=\"kt-inside-inner-col\"><\/div><\/div>\n<\/div><\/div><\/div>","protected":false},"excerpt":{"rendered":"<p>Shop f\u00fcr Lehrmaterial<\/p>","protected":false},"author":1,"featured_media":0,"parent":0,"menu_order":0,"comment_status":"closed","ping_status":"closed","template":"","meta":{"_kad_blocks_custom_css":"","_kad_blocks_head_custom_js":"","_kad_blocks_body_custom_js":"","_kad_blocks_footer_custom_js":"","_kad_post_transparent":"","_kad_post_title":"hide","_kad_post_layout":"","_kad_post_sidebar_id":"","_kad_post_content_style":"","_kad_post_vertical_padding":"","_kad_post_feature":"","_kad_post_feature_position":"","_kad_post_header":false,"_kad_post_footer":false},"featured_image_src_large":false,"author_info":{"display_name":"jfkbeck","author_link":"https:\/\/stage.themethode.at\/hu\/author\/jfkbeck\/"},"comment_info":0,"taxonomy_info":[],"_links":{"self":[{"href":"https:\/\/stage.themethode.at\/hu\/wp-json\/wp\/v2\/pages\/646"}],"collection":[{"href":"https:\/\/stage.themethode.at\/hu\/wp-json\/wp\/v2\/pages"}],"about":[{"href":"https:\/\/stage.themethode.at\/hu\/wp-json\/wp\/v2\/types\/page"}],"author":[{"embeddable":true,"href":"https:\/\/stage.themethode.at\/hu\/wp-json\/wp\/v2\/users\/1"}],"replies":[{"embeddable":true,"href":"https:\/\/stage.themethode.at\/hu\/wp-json\/wp\/v2\/comments?post=646"}],"version-history":[{"count":10,"href":"https:\/\/stage.themethode.at\/hu\/wp-json\/wp\/v2\/pages\/646\/revisions"}],"predecessor-version":[{"id":986,"href":"https:\/\/stage.themethode.at\/hu\/wp-json\/wp\/v2\/pages\/646\/revisions\/986"}],"wp:attachment":[{"href":"https:\/\/stage.themethode.at\/hu\/wp-json\/wp\/v2\/media?parent=646"}],"curies":[{"name":"wp","href":"https:\/\/api.w.org\/{rel}","templated":true}]}}